{"id":191,"date":"2016-05-22T10:30:31","date_gmt":"2016-05-22T10:30:31","guid":{"rendered":"http:\/\/import.wpcasa.com\/oslo\/?page_id=191"},"modified":"2018-09-06T16:25:13","modified_gmt":"2018-09-06T15:25:13","slug":"home-2","status":"publish","type":"page","link":"https:\/\/www.reitner-immobilien.de\/","title":{"rendered":"Unternehmen"},"content":{"rendered":"<h3 class=\"content-title\">Herzlich willkommen bei J\u00fcrgen Reitner Immobilien e.K.<\/h3>\n<div style=\"width: 70%; padding: 0 50px 0 0; float: left;\">Sie sind auf der Suche nach einer neuen Immobilie oder m\u00f6chten Ihre Immobilie professionell verwalten lassen? Egal ob Wohnung, Haus oder Gewerbefl\u00e4che \u2013 gerne steht Ihnen die J\u00fcrgen Reitner Immobilien e.K. bei Objekten aller Art zur Seite. Ich biete Ihnen eine kompetente Beratung und eine umfassende Betreuung bei der Suche nach Ihrer Immobilie, sowie bei der Verwaltung Ihres Eigentums an. Informieren Sie sich hier \u00fcber mein Unternehmen und werfen Sie einen Blick auf unser Immobilienangebot. Auch nachdem Sie Ihre Wunschimmobilie gefunden haben, k\u00f6nnen Sie sich auf meine Dienste verlassen. Sei es bei der Verwaltung oder bei der Suche nach einer geeigneten Versicherung \u2013 ich unterst\u00fctze Sie gerne.<\/div>\n<div style=\"width: 30%; padding: 0 50px 0 0; float: right;\"><img loading=\"lazy\" decoding=\"async\" class=\"alignnone wp-image-2273 size-full\" src=\"https:\/\/www.reitner-immobilien.de\/wp-content\/uploads\/2018\/08\/profil.jpg\" alt=\"\" width=\"233\" height=\"185\" \/><\/div>\n<p>s<\/p>\n<div style=\"width: 33%; padding: 0 30px 0 0; float: left;\">\n<h3 class=\"content-title\">Immobilien kaufen<\/h3>\n<p>Die J\u00fcrgen Reitner Immobilien e.K. in Essen bietet Ihnen eine Auswahl an Kaufobjekten. \u00dcberzeugen Sie sich selbst. Sollten Sie auf den ersten Blick nicht die geeignete Immobilie finden, stimmen Sie sich mit uns bei einem Beratungstermin ab und wir werden nach Ihren gew\u00fcnschten Kriterien das richtige Objekt f\u00fcr Sie finden.<\/p>\n<\/div>\n<div style=\"width: 33%; padding: 0 30px 0 0; float: left;\">\n<h3 class=\"content-title\">Immobilien mieten<\/h3>\n<p>Sie m\u00f6chten eine Immobilie mieten? Zu meinen Mietobjekten geh\u00f6ren Wohnungen und\u00a0 Gewerbeeinheiten. Ich berate Sie gerne! Sollten Sie Interesse an einer Immobilie haben, vereinbaren Sie kurzfristig einen Besichtigungstermin, bei dem offene Fragen beantwortet und alle Einzelheiten zum Objekt besprochen werden k\u00f6nnen.<\/p>\n<\/div>\n<div style=\"width: 33%; padding: 0 30px 0 0; float: right;\">\n<h3 class=\"content-title\">Sie haben Fragen?<\/h3>\n<p>Bei Ihnen sind Fragen zum Immobilien- und Verwaltungsangebot aufgekommen?<br \/>\nSie m\u00f6chten Ihre Immobilie verkaufen, vermieten oder verwalten lassen? Gerne beantworte ich Ihre Fragen pers\u00f6nlich und stehe Ihnen mit meinem Rat und Erfahrung zur Verf\u00fcgung.<\/p>\n<\/div>\n","protected":false},"excerpt":{"rendered":"<p>Herzlich willkommen bei J\u00fcrgen Reitner Immobilien e.K. Sie sind auf der Suche nach einer neuen Immobilie oder m\u00f6chten Ihre Immobilie professionell verwalten lassen? Egal ob Wohnung, Haus oder Gewerbefl\u00e4che \u2013 gerne steht Ihnen die J\u00fcrgen Reitner Immobilien e.K. bei Objekten aller Art zur Seite. Ich biete Ihnen eine kompetente Beratung und eine umfassende Betreuung bei <span class=\"moretag\"><a href=\"https:\/\/www.reitner-immobilien.de\/\" class=\"btn btn-sm btn-primary\">Mehr Infos<\/a><\/span><\/p>\n","protected":false},"author":1,"featured_media":0,"parent":0,"menu_order":0,"comment_status":"closed","ping_status":"closed","template":"page-tpl-home.php","meta":{"footnotes":""},"class_list":["post-191","page","type-page","status-publish","hentry"],"_links":{"self":[{"href":"https:\/\/www.reitner-immobilien.de\/index.php?rest_route=\/wp\/v2\/pages\/191","targetHints":{"allow":["GET"]}}],"collection":[{"href":"https:\/\/www.reitner-immobilien.de\/index.php?rest_route=\/wp\/v2\/pages"}],"about":[{"href":"https:\/\/www.reitner-immobilien.de\/index.php?rest_route=\/wp\/v2\/types\/page"}],"author":[{"embeddable":true,"href":"https:\/\/www.reitner-immobilien.de\/index.php?rest_route=\/wp\/v2\/users\/1"}],"replies":[{"embeddable":true,"href":"https:\/\/www.reitner-immobilien.de\/index.php?rest_route=%2Fwp%2Fv2%2Fcomments&post=191"}],"version-history":[{"count":66,"href":"https:\/\/www.reitner-immobilien.de\/index.php?rest_route=\/wp\/v2\/pages\/191\/revisions"}],"predecessor-version":[{"id":2399,"href":"https:\/\/www.reitner-immobilien.de\/index.php?rest_route=\/wp\/v2\/pages\/191\/revisions\/2399"}],"wp:attachment":[{"href":"https:\/\/www.reitner-immobilien.de\/index.php?rest_route=%2Fwp%2Fv2%2Fmedia&parent=191"}],"curies":[{"name":"wp","href":"https:\/\/api.w.org\/{rel}","templated":true}]}}