{"id":235,"date":"2016-05-23T11:34:34","date_gmt":"2016-05-23T11:34:34","guid":{"rendered":"http:\/\/import.wpcasa.com\/oslo\/?page_id=235"},"modified":"2018-09-06T16:31:49","modified_gmt":"2018-09-06T15:31:49","slug":"contact-us","status":"publish","type":"page","link":"https:\/\/www.reitner-immobilien.de\/?page_id=235","title":{"rendered":"Nehmen Sie Kontakt auf"},"content":{"rendered":"<h3 class=\"content-title\">Wir freuen uns auf Ihre Anfrage.<\/h3>\n<p>Sie haben Fragen oder m\u00f6chten uns bezgl. dem Verkauf oder der Vermietung einer Immobilie kontaktieren. So z\u00f6gern Sie nicht und nehmen Sie Kontakt auf.<\/p>\n\n<div class=\"wpcf7 no-js\" id=\"wpcf7-f229-o1\" lang=\"en-US\" dir=\"ltr\" data-wpcf7-id=\"229\">\n<div class=\"screen-reader-response\"><p role=\"status\" aria-live=\"polite\" aria-atomic=\"true\"><\/p> <ul><\/ul><\/div>\n<form action=\"\/index.php?rest_route=%2Fwp%2Fv2%2Fpages%2F235#wpcf7-f229-o1\" method=\"post\" class=\"wpcf7-form init\" aria-label=\"Contact form\" novalidate=\"novalidate\" data-status=\"init\">\n<fieldset class=\"hidden-fields-container\"><input type=\"hidden\" name=\"_wpcf7\" value=\"229\" \/><input type=\"hidden\" name=\"_wpcf7_version\" value=\"6.1.5\" \/><input type=\"hidden\" name=\"_wpcf7_locale\" value=\"en_US\" \/><input type=\"hidden\" name=\"_wpcf7_unit_tag\" value=\"wpcf7-f229-o1\" \/><input type=\"hidden\" name=\"_wpcf7_container_post\" value=\"0\" \/><input type=\"hidden\" name=\"_wpcf7_posted_data_hash\" value=\"\" \/>\n<\/fieldset>\n<p>Vorname (*)<br \/>\n    <div class=\"form-group Vorname\"><input class=\"wpcf7-form-control wpcf7-text wpcf7-validates-as-required form-control\" name=\"Vorname\" type=\"text\" value=\"\" aria-invalid=\"false\" aria-required=\"true\" required><\/div> <\/p>\n\n<p>Name (*)<br \/>\n    <div class=\"form-group Name\"><input class=\"wpcf7-form-control wpcf7-text wpcf7-validates-as-required form-control\" name=\"Name\" type=\"text\" value=\"\" aria-invalid=\"false\" aria-required=\"true\" required><\/div> <\/p>\n\n<p>Firma<br \/>\n    <div class=\"form-group Firma\"><input class=\"wpcf7-form-control wpcf7-text wpcf7-validates-as-required form-control\" name=\"Firma\" type=\"text\" value=\"\" aria-invalid=\"false\" aria-required=\"true\" required><\/div> <\/p>\n\n<p>Email (*)<br \/>\n    <div class=\"form-group EMail\"><input class=\"wpcf7-form-control wpcf7-email wpcf7-validates-as-required wpcf7-text wpcf7-validates-as-email form-control\" name=\"EMail\" type=\"email\" value=\"\" aria-invalid=\"false\" aria-required=\"true\" required><\/div> <\/p>\n\n<p>Telefon <br \/>\n    <div class=\"form-group Telefon\"><input class=\"wpcf7-form-control wpcf7-text form-control\" name=\"Telefon\" type=\"text\" value=\"\" aria-invalid=\"false\"><\/div> <\/p>\n\n<p>Nachricht<br \/>\n    <div class=\"form-group Nachricht\"><textarea class=\"wpcf7-form-control wpcf7-textarea form-control\" name=\"Nachricht\" rows=\"4\" aria-invalid=\"false\"><\/textarea><\/div> <\/p>\n\n<h5>\n<table><tr><td valign=\"top\"><div class=\"form-group wpcf7-form-control wpcf7-checkbox Datenschutz\"><div class=\"checkbox wpcf7-form-control wpcf7-checkbox Datenschutz\"><label ><input name=\"Datenschutz\" type=\"checkbox\" value=\"true\" aria-invalid=\"false\"><\/label><\/div><\/div><\/td><td><u>Einwilligungserkl\u00e4rung in die Datenverarbeitung:<\/u> Ich bin einverstanden, dass J\u00fcrgen Reitner Immobilien e.K. als Betreiber dieser Website meine Angaben und Daten, zum Zwecke der Bearbeitung meiner Anfrage \u00fcber das Kontaktformular, elektronisch erhebt und an Dollberg Immobilien \u00fcbermittelt sowie speichert. Ich bin berechtigt, meine Einwilligung hiervon jederzeit mit Wirkung f\u00fcr die Zukunft zu widerrufen. Weitere Informationen finden Sie hier in der  <a href=\"http:\/\/www.ammonberatung.de\/reitner\/?page_id=1777\">J\u00fcrgen Reitner Immobilien e.K.<\/a>. Mit dem Absenden erkl\u00e4re ich mich mit den Datenschutzbestimmungen einverstanden.<\/td><\/tr><\/table>\n<\/h5>\n<h5>*) F\u00fcr die Anfragenbeantwortung erforderliche Angaben.<\/h5>\n\n<div class=\"form-group\"><div><input class=\"wpcf7-form-control wpcf7-submit btn btn-primary\" type=\"submit\" value=\"ABSENDEN\"><\/div><\/div><div class=\"wpcf7-response-output alert alert-warning\"><\/div>\n<\/form>\n<\/div>\n\n","protected":false},"excerpt":{"rendered":"<p>Wir freuen uns auf Ihre Anfrage. Sie haben Fragen oder m\u00f6chten uns bezgl. dem Verkauf oder der Vermietung einer Immobilie kontaktieren. So z\u00f6gern Sie nicht und nehmen Sie Kontakt auf.<\/p>\n","protected":false},"author":1,"featured_media":0,"parent":0,"menu_order":0,"comment_status":"closed","ping_status":"closed","template":"","meta":{"footnotes":""},"class_list":["post-235","page","type-page","status-publish","hentry"],"_links":{"self":[{"href":"https:\/\/www.reitner-immobilien.de\/index.php?rest_route=\/wp\/v2\/pages\/235","targetHints":{"allow":["GET"]}}],"collection":[{"href":"https:\/\/www.reitner-immobilien.de\/index.php?rest_route=\/wp\/v2\/pages"}],"about":[{"href":"https:\/\/www.reitner-immobilien.de\/index.php?rest_route=\/wp\/v2\/types\/page"}],"author":[{"embeddable":true,"href":"https:\/\/www.reitner-immobilien.de\/index.php?rest_route=\/wp\/v2\/users\/1"}],"replies":[{"embeddable":true,"href":"https:\/\/www.reitner-immobilien.de\/index.php?rest_route=%2Fwp%2Fv2%2Fcomments&post=235"}],"version-history":[{"count":10,"href":"https:\/\/www.reitner-immobilien.de\/index.php?rest_route=\/wp\/v2\/pages\/235\/revisions"}],"predecessor-version":[{"id":2398,"href":"https:\/\/www.reitner-immobilien.de\/index.php?rest_route=\/wp\/v2\/pages\/235\/revisions\/2398"}],"wp:attachment":[{"href":"https:\/\/www.reitner-immobilien.de\/index.php?rest_route=%2Fwp%2Fv2%2Fmedia&parent=235"}],"curies":[{"name":"wp","href":"https:\/\/api.w.org\/{rel}","templated":true}]}}