{"id":245,"date":"2016-05-23T11:53:20","date_gmt":"2016-05-23T11:53:20","guid":{"rendered":"http:\/\/import.wpcasa.com\/oslo\/?page_id=245"},"modified":"2018-09-06T16:28:34","modified_gmt":"2018-09-06T15:28:34","slug":"buyers-guide","status":"publish","type":"page","link":"https:\/\/www.reitner-immobilien.de\/?page_id=245","title":{"rendered":"Interessentenseite"},"content":{"rendered":"<h3 class=\"content-title\">Immobilien kaufen oder mieten<\/h3>\n<p>Sie m\u00f6chten eine eigene Immobilie kaufen oder mieten? Hier finden Sie zahlreiche Miet- und Kaufobjekte bei den Angebotsimmobilien. Sollten Sie kein passendes Objekt finden, berate ich Sie gerne pers\u00f6nlich, um die richtige Immobilie f\u00fcr Sie ausfindig zu machen.<\/p>\n<p>&nbsp;<\/p>\n<p>&nbsp;<\/p>\n<h3 class=\"content-title\">Immobilienbesichtigung und -beratung<\/h3>\n<p>Haben Sie schon eine Immobilie entdeckt, die Ihnen gef\u00e4llt? So w\u00e4re der n\u00e4chste Schritt einen Termin f\u00fcr die Besichtigung des Objektes fest zulegen, damit Sie sich die Immobilie anschauen k\u00f6nnen und offene Fragen gekl\u00e4rt werden k\u00f6nnen. Sagt Ihnen die Immobilie zu, beschaffe ich f\u00fcr Sie alle notwendigen Unterlagen von den Eigent\u00fcmern oder den st\u00e4dtischen \u00c4mtern, die erforderlich sind, um den Erwerb des Objektes durchzuf\u00fchren. Dazu geh\u00f6ren zum Beispiel Versicherungsnachweise, Wirtschaftspl\u00e4ne, Abrechnungen, Grundbuchausz\u00fcge und vieles mehr. Diese sind insbesondere wichtig bei der weiteren Vermarktung von Eigentumswohnungen.<\/p>\n<p>&nbsp;<\/p>\n<p>&nbsp;<\/p>\n","protected":false},"excerpt":{"rendered":"<p>Immobilien kaufen oder mieten Sie m\u00f6chten eine eigene Immobilie kaufen oder mieten? Hier finden Sie zahlreiche Miet- und Kaufobjekte bei den Angebotsimmobilien. Sollten Sie kein passendes Objekt finden, berate ich Sie gerne pers\u00f6nlich, um die richtige Immobilie f\u00fcr Sie ausfindig zu machen. &nbsp; &nbsp; Immobilienbesichtigung und -beratung Haben Sie schon eine Immobilie entdeckt, die Ihnen <span class=\"moretag\"><a href=\"https:\/\/www.reitner-immobilien.de\/?page_id=245\" class=\"btn btn-sm btn-primary\">Mehr Infos<\/a><\/span><\/p>\n","protected":false},"author":1,"featured_media":0,"parent":0,"menu_order":0,"comment_status":"closed","ping_status":"closed","template":"","meta":{"footnotes":""},"class_list":["post-245","page","type-page","status-publish","hentry"],"_links":{"self":[{"href":"https:\/\/www.reitner-immobilien.de\/index.php?rest_route=\/wp\/v2\/pages\/245","targetHints":{"allow":["GET"]}}],"collection":[{"href":"https:\/\/www.reitner-immobilien.de\/index.php?rest_route=\/wp\/v2\/pages"}],"about":[{"href":"https:\/\/www.reitner-immobilien.de\/index.php?rest_route=\/wp\/v2\/types\/page"}],"author":[{"embeddable":true,"href":"https:\/\/www.reitner-immobilien.de\/index.php?rest_route=\/wp\/v2\/users\/1"}],"replies":[{"embeddable":true,"href":"https:\/\/www.reitner-immobilien.de\/index.php?rest_route=%2Fwp%2Fv2%2Fcomments&post=245"}],"version-history":[{"count":14,"href":"https:\/\/www.reitner-immobilien.de\/index.php?rest_route=\/wp\/v2\/pages\/245\/revisions"}],"predecessor-version":[{"id":2345,"href":"https:\/\/www.reitner-immobilien.de\/index.php?rest_route=\/wp\/v2\/pages\/245\/revisions\/2345"}],"wp:attachment":[{"href":"https:\/\/www.reitner-immobilien.de\/index.php?rest_route=%2Fwp%2Fv2%2Fmedia&parent=245"}],"curies":[{"name":"wp","href":"https:\/\/api.w.org\/{rel}","templated":true}]}}