{"id":249,"date":"2016-05-23T12:02:42","date_gmt":"2016-05-23T12:02:42","guid":{"rendered":"http:\/\/import.wpcasa.com\/oslo\/?page_id=249"},"modified":"2018-09-06T16:29:40","modified_gmt":"2018-09-06T15:29:40","slug":"sellers-guide","status":"publish","type":"page","link":"https:\/\/www.reitner-immobilien.de\/?page_id=249","title":{"rendered":"Eigent\u00fcmer"},"content":{"rendered":"<h3 class=\"content-title\">Service f\u00fcr Eigent\u00fcmer<\/h3>\n<p>Als modernes Maklerb\u00fcro k\u00f6nnen wir Ihnen den Verkaufs- oder Vermietungsprozess mit einer Vielzahl digitaler Werkzeuge unterst\u00fctzen.<\/p>\n<p>&nbsp;<\/p>\n<h3 class=\"content-title\">Interessentendatenbank<\/h3>\n<p>Sie m\u00f6chten Ihre Immobilie vermieten oder verkaufen, wissen aber noch nicht, ob wir Ihr richtiger Partner sind? Mit der Interessentendatenbank k\u00f6nnen Sie die Eckdaten Ihrer Immobilie eingeben und pr\u00fcfen wieviele passende Miet- oder Kaufgesuche in unserer Datenbank gespeichert sind.<\/p>\n<p>&nbsp;<\/p>\n<h3 class=\"content-title\">Unser Service auf einem Blick<\/h3>\n<h3>Verkauf einer Immobilie:<\/h3>\n<ul>\n<li>fachliche Bewertung Ihrer Immobilie sowie eine genaue Analyse des Wohnungsmarktes<\/li>\n<li>Erstellung eines aussagekr\u00e4ftigen Exposees von der Immobilie<\/li>\n<li>gezielte Werbung in den orts\u00fcblichen, regionalen Tageszeitungen<\/li>\n<li>gezielte Werbung in verschiedenen Internetportalen und auf der eigenen Homepage<\/li>\n<li>Vereinbarung und Durchf\u00fchrung von Besichtigungsterminen<\/li>\n<li>auf den Kunden ma\u00dfgeschneiderte Finanzierung anbieten<\/li>\n<li>Zusammenstellung aller notwendigen Finanzierungsunterlagen<\/li>\n<li>Vorbereitung des notariellen Kaufvertrages<\/li>\n<\/ul>\n<h3>Vermietung einer Immobilie:<\/h3>\n<ul>\n<li>fachliche Bewertung Ihrer Immobilie sowie eine genaue Analyse des Wohnungsmarktes<\/li>\n<li>gezielte Werbung in den orts\u00fcblichen, regionalen Tageszeitungen<\/li>\n<li>gezielte Werbung in verschiedenen Internetportalen und auf der eigenen Homepage<\/li>\n<li>Vereinbarung und Durchf\u00fchrung von Besichtigungsterminen<\/li>\n<li>\u00fcberpr\u00fcfen der Bonit\u00e4t<\/li>\n<li>Vorbereitung und Abwicklung des Mietvertrages<\/li>\n<\/ul>\n","protected":false},"excerpt":{"rendered":"<p>Service f\u00fcr Eigent\u00fcmer Als modernes Maklerb\u00fcro k\u00f6nnen wir Ihnen den Verkaufs- oder Vermietungsprozess mit einer Vielzahl digitaler Werkzeuge unterst\u00fctzen. &nbsp; Interessentendatenbank Sie m\u00f6chten Ihre Immobilie vermieten oder verkaufen, wissen aber noch nicht, ob wir Ihr richtiger Partner sind? Mit der Interessentendatenbank k\u00f6nnen Sie die Eckdaten Ihrer Immobilie eingeben und pr\u00fcfen wieviele passende Miet- oder Kaufgesuche <span class=\"moretag\"><a href=\"https:\/\/www.reitner-immobilien.de\/?page_id=249\" class=\"btn btn-sm btn-primary\">Mehr Infos<\/a><\/span><\/p>\n","protected":false},"author":1,"featured_media":0,"parent":0,"menu_order":0,"comment_status":"closed","ping_status":"closed","template":"","meta":{"footnotes":""},"class_list":["post-249","page","type-page","status-publish","hentry"],"_links":{"self":[{"href":"https:\/\/www.reitner-immobilien.de\/index.php?rest_route=\/wp\/v2\/pages\/249","targetHints":{"allow":["GET"]}}],"collection":[{"href":"https:\/\/www.reitner-immobilien.de\/index.php?rest_route=\/wp\/v2\/pages"}],"about":[{"href":"https:\/\/www.reitner-immobilien.de\/index.php?rest_route=\/wp\/v2\/types\/page"}],"author":[{"embeddable":true,"href":"https:\/\/www.reitner-immobilien.de\/index.php?rest_route=\/wp\/v2\/users\/1"}],"replies":[{"embeddable":true,"href":"https:\/\/www.reitner-immobilien.de\/index.php?rest_route=%2Fwp%2Fv2%2Fcomments&post=249"}],"version-history":[{"count":18,"href":"https:\/\/www.reitner-immobilien.de\/index.php?rest_route=\/wp\/v2\/pages\/249\/revisions"}],"predecessor-version":[{"id":2347,"href":"https:\/\/www.reitner-immobilien.de\/index.php?rest_route=\/wp\/v2\/pages\/249\/revisions\/2347"}],"wp:attachment":[{"href":"https:\/\/www.reitner-immobilien.de\/index.php?rest_route=%2Fwp%2Fv2%2Fmedia&parent=249"}],"curies":[{"name":"wp","href":"https:\/\/api.w.org\/{rel}","templated":true}]}}