{"id":265,"date":"2016-05-23T12:39:19","date_gmt":"2016-05-23T12:39:19","guid":{"rendered":"http:\/\/import.wpcasa.com\/oslo\/?page_id=265"},"modified":"2018-08-10T11:27:26","modified_gmt":"2018-08-10T10:27:26","slug":"for-rent","status":"publish","type":"page","link":"https:\/\/www.reitner-immobilien.de\/?page_id=265","title":{"rendered":"Immobilien zur Miete"},"content":{"rendered":"<div id=\"cc-m-12096897222\" class=\"j-module n j-header \"><\/div>\n<div id=\"cc-m-12097185122\" class=\"j-module n j-hgrid \">\n<div class=\"cc-m-hgrid-column\">\n<div id=\"cc-matrix-3386421622\">\n<div id=\"cc-m-12097206822\" class=\"j-module n j-header \">\n<h2 id=\"cc-m-header-12097206822\" class=\"\">Verschaffen Sie sich einen \u00dcberblick \u00fcber unsere zur Verf\u00fcgung stehenden Mietobjekte.<\/h2>\n<\/div>\n<\/div>\n<\/div>\n<\/div>\n","protected":false},"excerpt":{"rendered":"<p>Verschaffen Sie sich einen \u00dcberblick \u00fcber unsere zur Verf\u00fcgung stehenden Mietobjekte.<\/p>\n","protected":false},"author":1,"featured_media":0,"parent":826,"menu_order":0,"comment_status":"closed","ping_status":"closed","template":"page-tpl-listings-query.php","meta":{"footnotes":""},"class_list":["post-265","page","type-page","status-publish","hentry"],"_links":{"self":[{"href":"https:\/\/www.reitner-immobilien.de\/index.php?rest_route=\/wp\/v2\/pages\/265","targetHints":{"allow":["GET"]}}],"collection":[{"href":"https:\/\/www.reitner-immobilien.de\/index.php?rest_route=\/wp\/v2\/pages"}],"about":[{"href":"https:\/\/www.reitner-immobilien.de\/index.php?rest_route=\/wp\/v2\/types\/page"}],"author":[{"embeddable":true,"href":"https:\/\/www.reitner-immobilien.de\/index.php?rest_route=\/wp\/v2\/users\/1"}],"replies":[{"embeddable":true,"href":"https:\/\/www.reitner-immobilien.de\/index.php?rest_route=%2Fwp%2Fv2%2Fcomments&post=265"}],"version-history":[{"count":4,"href":"https:\/\/www.reitner-immobilien.de\/index.php?rest_route=\/wp\/v2\/pages\/265\/revisions"}],"predecessor-version":[{"id":2286,"href":"https:\/\/www.reitner-immobilien.de\/index.php?rest_route=\/wp\/v2\/pages\/265\/revisions\/2286"}],"up":[{"embeddable":true,"href":"https:\/\/www.reitner-immobilien.de\/index.php?rest_route=\/wp\/v2\/pages\/826"}],"wp:attachment":[{"href":"https:\/\/www.reitner-immobilien.de\/index.php?rest_route=%2Fwp%2Fv2%2Fmedia&parent=265"}],"curies":[{"name":"wp","href":"https:\/\/api.w.org\/{rel}","templated":true}]}}